{"id":1776,"date":"2021-04-07T17:20:35","date_gmt":"2021-04-07T21:20:35","guid":{"rendered":"https:\/\/lamontagnechocolate.com\/privacy-policy\/"},"modified":"2025-09-19T09:53:55","modified_gmt":"2025-09-19T13:53:55","slug":"politique-de-confidentialite","status":"publish","type":"page","link":"https:\/\/lamontagnechocolate.com\/fr\/politique-de-confidentialite\/","title":{"rendered":"Politique de confidentialit\u00e9"},"content":{"rendered":"\n<h2 class=\"wp-block-heading\">Application de la Politique de confidentialit\u00e9<\/h2>\n\n\n\n<p>La Politique d\u00e9finit la mani\u00e8re dont Lamontagne Chocolate recueille, utilise et prot\u00e8ge les renseignements fournis volontairement par les utilisateurs de son site et ceux transmis automatiquement par leur serveur Internet. La pr\u00e9sente Politique s\u2019applique \u00e0 l\u2019ensemble du site https:\/\/lamontagnechocolate.com ainsi qu\u2019aux produits et services offerts par Lamontagne Chocolate. La Politique explique \u00e9galement comment r\u00e9viser ou mettre \u00e0 jour vos renseignements personnels et de quelle fa\u00e7on communiquer avec Lamontagne Chocolate pour toute question, suggestion ou commentaire. En tout temps, Lamontagne Chocolate se r\u00e9serve le droit de modifier sa Politique, et ce, sans pr\u00e9avis. Nous vous recommandons de lire attentivement notre Politique et de la consulter r\u00e9guli\u00e8rement.<\/p>\n\n\n\n<h2 class=\"wp-block-heading\">Collecte des renseignements<\/h2>\n\n\n\n<p>Deux types de renseignements sont recueillis sur notre site Web :<\/p>\n\n\n\n<h3 class=\"wp-block-heading\">a) Renseignements personnels<\/h3>\n\n\n\n<p>Aux fins de cette Politique, le terme \u00ab renseignements personnels \u00bb renvoie \u00e0 l\u2019information qui permet d\u2019identifier une personne physique. Toute action qui se rapporte \u00e0 une r\u00e9servation&nbsp;en ligne, \u00e0 une inscription, \u00e0 l\u2019envoi d\u2019un curriculum vitae ou \u00e0 un formulaire de contact n\u00e9cessite la transmission volontaire de vos renseignements personnels. Lorsque ces renseignements sont obligatoires au traitement de votre demande, vous en serez avis\u00e9. Parmi ces renseignements, Lamontagne Chocolate recueille :<\/p>\n\n\n\n<ul class=\"wp-block-list\">\n<li>Nom et pr\u00e9nom<\/li>\n\n\n\n<li>Sexe<\/li>\n\n\n\n<li>Adresse civique<\/li>\n\n\n\n<li>Adresse courriel<\/li>\n\n\n\n<li>Num\u00e9ro de t\u00e9l\u00e9phone<\/li>\n\n\n\n<li>Num\u00e9ro de carte de cr\u00e9dit<\/li>\n<\/ul>\n\n\n\n<p><em>Veuillez noter que cette liste n\u2019est pas exhaustive et peut \u00eatre appel\u00e9e \u00e0 changer, et ce, sans pr\u00e9avis.<\/em><\/p>\n\n\n\n<h3 class=\"wp-block-heading\">b) Renseignements non personnels<\/h3>\n\n\n\n<p>Aux fins de cette Politique, le terme \u00ab renseignements non personnels \u00bb fait r\u00e9f\u00e9rence aux renseignements anonymes qui sont habituellement enregistr\u00e9s par les serveurs Web, tels que l\u2019adresse de protocole Internet (adresse IP), la date et l\u2019heure de l\u2019acc\u00e8s, de m\u00eame que le syst\u00e8me d\u2019exploitation et le navigateur utilis\u00e9s par l\u2019internaute. Les statistiques d\u00e9mographiques sur nos visiteurs (groupe d\u2019\u00e2ge, pays d\u2019appartenance, langue de correspondance, etc.) et leurs habitudes de navigation (pages consult\u00e9es, nombre de visites, dur\u00e9e de consultation, etc.) sont \u00e9galement consid\u00e9r\u00e9es comme des renseignements non personnels. Lamontagne Chocolate recueille de tels renseignements, principalement par l\u2019interm\u00e9diaire de t\u00e9moins (cookies). <\/p>\n\n\n\n<p>Les cookies sont de petits fichiers de donn\u00e9es qu\u2019installe le navigateur sur le disque dur de l\u2019ordinateur d\u2019un internaute lors de sa premi\u00e8re visite sur un site Web. Les donn\u00e9es concernant l\u2019utilisateur sont collect\u00e9es pour permettre \u00e0 Lamontagne Chocolate de fournir ses produits et services ainsi que pour les fins suivantes : publicit\u00e9, analyse de comportement et statistiques, contact avec un client, interaction sur les r\u00e9seaux sociaux et plateformes externes, inscription et authentification, r\u00e9ponse aux commentaires, remarketing et ciblage selon les habitudes de visite.<\/p>\n\n\n\n<h4 class=\"wp-block-heading\">a) Renseignements personnels<\/h4>\n\n\n\n<p><strong>Coordonn\u00e9es <\/strong>: Les coordonn\u00e9es fournies volontairement par les utilisateurs du site Internet https:\/\/lamontagnechocolate.com peuvent \u00eatre utilis\u00e9es pour les raisons suivantes : confirmer la r\u00e9ception d\u2019une commande, envoyer de l\u2019information sur les produits et services de notre entreprise, entrer en contact avec eux, si n\u00e9cessaire, comprendre leurs besoins et obtenir leur degr\u00e9 de satisfaction par l\u2019interm\u00e9diaire d\u2019un sondage.<\/p>\n\n\n\n<h4 class=\"wp-block-heading\">b) Renseignements non personnels<\/h4>\n\n\n\n<p><strong>T\u00e9moins (cookies) <\/strong><\/p>\n\n\n\n<p>L\u2019utilisation de&nbsp;<em>cookies<\/em>&nbsp;permet \u00e0 Lamontagne Chocolate de compiler des statistiques qui servent \u00e0 l\u2019analyse du trafic de son site Web et \u00e0 la cr\u00e9ation d\u2019annonces publicitaires. <\/p>\n\n\n\n<p><strong>Outil analytique<\/strong> <\/p>\n\n\n\n<p>Notre entreprise utilise l\u2019outil d\u2019analyse d\u2019audience Google Analytics pour obtenir des statistiques d\u00e9mographiques sur ses visiteurs et des statistiques sur leurs habitudes de navigation. Nous pouvons \u00e9galement nous servir de ces donn\u00e9es pour mieux comprendre leur comportement ou am\u00e9liorer la structure de notre site https:\/\/lamontagnechocolate.com. De plus, Google Analytics nous permet d\u2019\u00e9tablir le profil de nos clients actuels ou potentiels, de fa\u00e7on \u00e0 am\u00e9liorer notre offre de produits et services. Pour collecter des renseignements anonymes et produire des rapports de statistiques, Google Analytics peut utiliser des&nbsp;<em>cookies<\/em>, mais sans vous identifier personnellement. <\/p>\n\n\n\n<p><strong>Publicit\u00e9 et remarketing<\/strong><\/p>\n\n\n\n<p>Notre entreprise utilise les outils publicitaires Google Ads et Facebook Ads pour promouvoir ses produits et services sur le moteur de recherche ainsi que pour augmenter le trafic vers son site https:\/\/lamontagnechocolate.com. Ces outils utilisent des<em>cookies<\/em>&nbsp;et autres technologies pour effectuer le suivi et l\u2019analyse des donn\u00e9es, \u00e9valuer la popularit\u00e9 du contenu, mieux comprendre les activit\u00e9s en ligne des internautes et publier des annonces publicitaires cibl\u00e9es (qui tiennent compte notamment des centres d\u2019int\u00e9r\u00eat, des visites de sites ou des donn\u00e9es d\u00e9mographiques). La fa\u00e7on dont Lamontagne Chocolate utilise Google Ads et Facebook Ads lui permet d\u2019adapter ses pratiques marketing pour mieux r\u00e9pondre aux besoins de sa client\u00e8le et afficher des annonces qui, selon l\u2019entreprise, sont susceptibles de l\u2019int\u00e9resser. <\/p>\n\n\n\n<p><strong>D\u00e9sactivation des cookies<\/strong><\/p>\n\n\n\n<p>Tout utilisateur est en mesure d\u2019activer ou d\u00e9sactiver l\u2019utilisation des&nbsp;<em>cookies&nbsp;<\/em>par Google. Pour ce faire, rendez-vous \u00e0 l\u2019adresse suivante&nbsp;:&nbsp;<a href=\"https:\/\/support.google.com\/accounts\/answer\/61416?hl=fr%20\">https:\/\/support.google.com\/accounts\/answer\/61416?hl=fr<\/a>. Vous pouvez \u00e9galement d\u00e9sactiver la diffusion d\u2019annonces&nbsp;cibl\u00e9es par centres d\u2019int\u00e9r\u00eat&nbsp;ou donn\u00e9es d\u00e9mographiques sur Google, en consultant le&nbsp;<a href=\"https:\/\/support.google.com\/ads\/answer\/2662922?hl=fr\">Gestionnaire de pr\u00e9f\u00e9rences pour les annonces<\/a>. Lorsque vous proc\u00e9dez \u00e0 la d\u00e9sactivation de ce param\u00e8tre, les annonces ne sont pas bloqu\u00e9es. Elles apparaissent toujours, mais elles ne sont g\u00e9n\u00e9ralement plus en lien avec vos centres d\u2019int\u00e9r\u00eat, vos donn\u00e9es d\u00e9mographiques ou les sites que vous avez visit\u00e9s.<\/p>\n\n\n\n<h3 class=\"wp-block-heading\">Commentaires<\/h3>\n\n\n\n<p>Quand les visiteurs laissent des commentaires sur le site, nous collectons les donn\u00e9es recueillies \u00e0 travers le formulaire de commentaires, ainsi que l\u2019adresse IP des visiteurs \u00e0 des fins de protection anti-spam.<\/p>\n\n\n\n<h3 class=\"wp-block-heading\">M\u00e9dias<\/h3>\n\n\n\n<p>Si vous t\u00e9l\u00e9versez une image sur le site Web, il est d\u00e9conseill\u00e9 de t\u00e9l\u00e9verser des images incluant des informations de localisation (EXIF GPS). Les visiteurs du site Web peuvent t\u00e9l\u00e9charger et extraire toute information de localisation des images sur le site.<\/p>\n\n\n\n<h3 class=\"wp-block-heading\">Cookies<\/h3>\n\n\n\n<p>Si vous laissez un commentaire sur le site, vous pouvez consentir \u00e0 l\u2019utilisation des cookies en inscrivant votre nom, courriel et adresse Web. Ces cookies ont \u00e9t\u00e9 mis en place pour votre b\u00e9n\u00e9fice afin que vous n\u2019ayez pas \u00e0 les saisir de nouveau lors de la r\u00e9daction d\u2019autres commentaires. Ces cookies sont enregistr\u00e9s pour un (1) an. Si vous avez un compte et que vous vous connectez \u00e0 celui-ci, nous cr\u00e9ons un cookie temporaire afin de d\u00e9terminer si votre navigateur accepte les cookies. Ce cookie ne contient aucune information personnelle et est supprim\u00e9 lorsque vous fermez votre navigateur. Quand vous vous connectez au site, nous cr\u00e9ons plusieurs cookies pour sauvegarder votre information de connexion et vos pr\u00e9f\u00e9rences d\u2019affichage. Les cookies de connexion sont conserv\u00e9s pour deux (2) jours et les cookies de pr\u00e9f\u00e9rences d\u2019affichage sont conserv\u00e9s pour un (1) an. Si vous s\u00e9lectionnez l\u2019option \u00ab Se souvenir de moi \u00bb, vos informations de connexion seront conserv\u00e9es pour une p\u00e9riode de deux (2) semaines. Si vous vous d\u00e9connectez de votre compte, les cookies de connexion seront automatiquement supprim\u00e9s.<\/p>\n\n\n\n<h3 class=\"wp-block-heading\">Contenu provenant de sources externes<\/h3>\n\n\n\n<p>Certains article sur ce site Web peuvent inclure du contenu provenant de sources externes (vid\u00e9os, images, articles, etc.). Le contenu provenant de sources externes se comporte de la m\u00eame mani\u00e8re que si le visiteur les consultait sur le site de provenance. Ces sites de provenance peuvent recueillir des donn\u00e9es sur vous, utiliser des cookies et utiliser, \u00e0 leur tour, du contenu provenant de tierces parties et surveiller vos interactions avec ce contenu provenant de source externe, incluant le tracking de vos interactions avec le contenu provenant de source externe si vous avez un compte sur ce site et que vous y \u00eates connect\u00e9s.<\/p>\n\n\n\n<h2 class=\"wp-block-heading\">Divulgation de vos renseignements<\/h2>\n\n\n\n<p>Tous les renseignements fournis par les utilisateurs de notre site Web, qu\u2019ils soient personnels ou non, demeurent confidentiels. Chacun des employ\u00e9s de Lamontagne Chocolate est soumis au respect de la pr\u00e9sente Politique. L\u2019usage de ces donn\u00e9es est r\u00e9serv\u00e9 \u00e0 Lamontagne Chocolate et aux fournisseurs et partenaires avec lesquelles l\u2019entreprise entretient une relation d\u2019affaires. Les renseignements leur seront transmis seulement si Lamontagne Chocolate juge qu\u2019une telle divulgation est n\u00e9cessaire pour garantir la prestation de son offre de produits et services. Dans tous les autres cas, aucune divulgation de vos renseignements \u00e0 une tierce partie ne sera autoris\u00e9e. Advenant le cas o\u00f9 Lamontagne Chocolate aurait besoin de transmettre un ou des renseignements personnels \u00e0 une partie dont le service n\u2019a pas \u00e9t\u00e9 retenu par Lamontagne Chocolate, vous serez avis\u00e9 par \u00e9crit, au pr\u00e9alable. Seul le consentement explicite de votre part pourra permettre cette divulgation.<\/p>\n\n\n\n<h2 class=\"wp-block-heading\">Vos droits quant \u00e0 l\u2019utilisation de vos donn\u00e9es personnelles<\/h2>\n\n\n\n<p>Si vous avez un compte sur ce site ou si vous avez laiss\u00e9 des commentaires, vous pouvez demander un fichier contenant l\u2019ensemble de l\u2019information collect\u00e9e sur vous, incluant toute information collect\u00e9e par notre site. Vous pouvez faire la demande d\u2019effacer toute information personnelle que nous poss\u00e9dons. Ceci n\u2019inclut pas les informations collect\u00e9es dans des buts administratifs, l\u00e9gaux ou pour des fins de s\u00e9curit\u00e9.<\/p>\n\n\n\n<h2 class=\"wp-block-heading\">O\u00f9 nous envoyons vos informations<\/h2>\n\n\n\n<p>Les commentaires de la part des visiteurs sont susceptibles d\u2019\u00eatre v\u00e9rifi\u00e9s \u00e0 travers un service automatis\u00e9 de d\u00e9tection du spam.<\/p>\n\n\n\n<h2 class=\"wp-block-heading\">Information suppl\u00e9mentaire<\/h2>\n\n\n\n<h3 class=\"wp-block-heading\">Protection de vos renseignements<\/h3>\n\n\n\n<p>Nous d\u00e9ployons tous les efforts raisonnables pour assurer la s\u00e9curit\u00e9 des renseignements personnels fournis par les utilisateurs de notre site Internet. Un technicien \u00e0 l\u2019interne s\u2019assure de la fonctionnalit\u00e9 du serveur et des formulaires utilis\u00e9s pour notre site Internet. De plus, Lamontagne Chocolate a adopt\u00e9 les mesures de s\u00e9curit\u00e9 appropri\u00e9es pour prot\u00e9ger ses clients contre la perte ou l\u2019utilisation non autoris\u00e9e de leurs renseignements personnels, dont ceux relatifs \u00e0 la carte de cr\u00e9dit.<\/p>\n\n\n\n<h3 class=\"wp-block-heading\">Collecte et utilisation de renseignements par une tierce partie<\/h3>\n\n\n\n<p>Il peut arriver que certains renseignements non personnels, d\u00e9finis \u00e0 la section 4b), soient recueillis par une tierce partie. <\/p>\n\n\n\n<p><strong>Statistiques&nbsp;<\/strong><\/p>\n\n\n\n<p>Pour recueillir de l\u2019information sur ses utilisateurs et leurs habitudes de navigation, Lamontagne Chocolate utilise les statistiques de l\u2019outil Google Analytics. Lorsque ces renseignements sont utilis\u00e9s pour les fins personnelles de Lamontagne Chocolate, ils sont prot\u00e9g\u00e9s par la pr\u00e9sente Politique. Google Analytics peut toutefois collecter des donn\u00e9es pour son propre usage. Dans ce cas, vos renseignements sont recueillis, utilis\u00e9s et prot\u00e9g\u00e9s selon sa propre Politique de confidentialit\u00e9. <\/p>\n\n\n\n<p><strong>Publicit\u00e9 et remarketing<\/strong><\/p>\n\n\n\n<p>Pour cr\u00e9er des annonces publicitaires, Lamontagne Chocolate utilise les outils Google Ads et Facebook Ads. Lorsque les renseignements fournis par ce service sont utilis\u00e9s pour les fins personnelles de Lamontagne Chocolate, ils sont prot\u00e9g\u00e9s par la pr\u00e9sente Politique. Google Ads et Facebook Ads peuvent toutefois collecter des donn\u00e9es pour leur propre usage. Dans ce cas, vos renseignements sont recueillis, utilis\u00e9s et prot\u00e9g\u00e9s selon leur politique respective :&nbsp;<a href=\"https:\/\/www.facebook.com\/customaudiences\/app\/tos\/\">Politique de confidentialit\u00e9 de Facebook<\/a>&nbsp;\u2013&nbsp;<a href=\"https:\/\/www.google.com\/intl\/fr-CA\/policies\/privacy\/\">Politique de confidentialit\u00e9 de Google<\/a>.<\/p>\n\n\n\n<h2 class=\"wp-block-heading\">Retrait et correction de vos renseignements personnels<\/h2>\n\n\n\n<p>Pour retirer votre nom des listes de participation \u00e9lectronique de Lamontagne Chocolate ou pour modifier les renseignements personnels que vous avez fournis, faites-nous parvenir votre demande par courriel \u00e0\u00a0<a href=\"mailto:vieprivee@lamontagnechocolate.com\"><br>vieprivee@lamontagnechocolate.com.<\/a><\/p>\n\n\n\n<h2 class=\"wp-block-heading\">Questions et commentaires<\/h2>\n\n\n\n<p>Notre entreprise vous encourage \u00e0 formuler toute demande d\u2019information, suggestion ou commentaire \u00e0 l\u2019\u00e9gard de la pr\u00e9sente Politique de confidentialit\u00e9. Vous pouvez communiquer avec nous en tout temps par courriel au\u00a0<a href=\"mailto:vieprivee@lamontagnechocolate.com\"><br>vieprivee@lamontagnechocolate.com<\/a>.<\/p>\n\n\n\n<p><\/p>\n","protected":false},"excerpt":{"rendered":"<p>Application de la Politique de confidentialit\u00e9 La Politique d\u00e9finit la mani\u00e8re dont recueille, utilise et prot\u00e8ge les renseignements fournis volontairement par les utilisateurs de son site et ceux transmis automatiquement par leur serveur Internet. La pr\u00e9sente Politique s\u2019applique \u00e0 l\u2019ensemble du site ainsi qu\u2019aux produits et services offerts par . La Politique explique \u00e9galement comment&#8230;<\/p>\n","protected":false},"author":33,"featured_media":0,"parent":0,"menu_order":0,"comment_status":"closed","ping_status":"closed","template":"","meta":{"_kad_blocks_custom_css":"","_kad_blocks_head_custom_js":"","_kad_blocks_body_custom_js":"","_kad_blocks_footer_custom_js":"","_kadence_starter_templates_imported_post":false,"_kad_post_transparent":"","_kad_post_title":"","_kad_post_layout":"","_kad_post_sidebar_id":"","_kad_post_content_style":"","_kad_post_vertical_padding":"","_kad_post_feature":"","_kad_post_feature_position":"","_kad_post_header":false,"_kad_post_footer":false,"_kad_post_classname":"","footnotes":""},"class_list":["post-1776","page","type-page","status-publish","hentry"],"yoast_head":"<!-- This site is optimized with the Yoast SEO plugin v27.0 - https:\/\/yoast.com\/product\/yoast-seo-wordpress\/ -->\n<title>Politique de confidentialit\u00e9 - Lamontagne Chocolate<\/title>\n<meta name=\"robots\" content=\"index, follow, max-snippet:-1, max-image-preview:large, max-video-preview:-1\" \/>\n<link rel=\"canonical\" href=\"https:\/\/lamontagnechocolate.com\/fr\/politique-de-confidentialite\/\" \/>\n<meta property=\"og:locale\" content=\"fr_CA\" \/>\n<meta property=\"og:type\" content=\"article\" \/>\n<meta property=\"og:title\" content=\"Politique de confidentialit\u00e9 - Lamontagne Chocolate\" \/>\n<meta property=\"og:description\" content=\"Application de la Politique de confidentialit\u00e9 La Politique d\u00e9finit la mani\u00e8re dont recueille, utilise et prot\u00e8ge les renseignements fournis volontairement par les utilisateurs de son site et ceux transmis automatiquement par leur serveur Internet. La pr\u00e9sente Politique s\u2019applique \u00e0 l\u2019ensemble du site ainsi qu\u2019aux produits et services offerts par . La Politique explique \u00e9galement comment...\" \/>\n<meta property=\"og:url\" content=\"https:\/\/lamontagnechocolate.com\/fr\/politique-de-confidentialite\/\" \/>\n<meta property=\"og:site_name\" content=\"Lamontagne Chocolate\" \/>\n<meta property=\"article:modified_time\" content=\"2025-09-19T13:53:55+00:00\" \/>\n<meta name=\"twitter:card\" content=\"summary_large_image\" \/>\n<meta name=\"twitter:label1\" content=\"Estimation du temps de lecture\" \/>\n\t<meta name=\"twitter:data1\" content=\"8 minutes\" \/>\n<script type=\"application\/ld+json\" class=\"yoast-schema-graph\">{\"@context\":\"https:\/\/schema.org\",\"@graph\":[{\"@type\":\"WebPage\",\"@id\":\"https:\/\/lamontagnechocolate.com\/fr\/politique-de-confidentialite\/\",\"url\":\"https:\/\/lamontagnechocolate.com\/fr\/politique-de-confidentialite\/\",\"name\":\"Politique de confidentialit\u00e9 - Lamontagne Chocolate\",\"isPartOf\":{\"@id\":\"https:\/\/lamontagnechocolate.com\/fr\/#website\"},\"datePublished\":\"2021-04-07T21:20:35+00:00\",\"dateModified\":\"2025-09-19T13:53:55+00:00\",\"breadcrumb\":{\"@id\":\"https:\/\/lamontagnechocolate.com\/fr\/politique-de-confidentialite\/#breadcrumb\"},\"inLanguage\":\"fr-CA\",\"potentialAction\":[{\"@type\":\"ReadAction\",\"target\":[\"https:\/\/lamontagnechocolate.com\/fr\/politique-de-confidentialite\/\"]}]},{\"@type\":\"BreadcrumbList\",\"@id\":\"https:\/\/lamontagnechocolate.com\/fr\/politique-de-confidentialite\/#breadcrumb\",\"itemListElement\":[{\"@type\":\"ListItem\",\"position\":1,\"name\":\"Home\",\"item\":\"https:\/\/lamontagnechocolate.com\/fr\/\"},{\"@type\":\"ListItem\",\"position\":2,\"name\":\"Politique de confidentialit\u00e9\"}]},{\"@type\":\"WebSite\",\"@id\":\"https:\/\/lamontagnechocolate.com\/fr\/#website\",\"url\":\"https:\/\/lamontagnechocolate.com\/fr\/\",\"name\":\"Lamontagne Chocolate\",\"description\":\"\",\"publisher\":{\"@id\":\"https:\/\/lamontagnechocolate.com\/fr\/#organization\"},\"potentialAction\":[{\"@type\":\"SearchAction\",\"target\":{\"@type\":\"EntryPoint\",\"urlTemplate\":\"https:\/\/lamontagnechocolate.com\/fr\/?s={search_term_string}\"},\"query-input\":{\"@type\":\"PropertyValueSpecification\",\"valueRequired\":true,\"valueName\":\"search_term_string\"}}],\"inLanguage\":\"fr-CA\"},{\"@type\":\"Organization\",\"@id\":\"https:\/\/lamontagnechocolate.com\/fr\/#organization\",\"name\":\"Lamontagne Chocolate\",\"url\":\"https:\/\/lamontagnechocolate.com\/fr\/\",\"logo\":{\"@type\":\"ImageObject\",\"inLanguage\":\"fr-CA\",\"@id\":\"https:\/\/lamontagnechocolate.com\/fr\/#\/schema\/logo\/image\/\",\"url\":\"https:\/\/lamontagnechocolate.com\/wp-content\/uploads\/2023\/07\/logo-lamontagne.svg\",\"contentUrl\":\"https:\/\/lamontagnechocolate.com\/wp-content\/uploads\/2023\/07\/logo-lamontagne.svg\",\"caption\":\"Lamontagne Chocolate\"},\"image\":{\"@id\":\"https:\/\/lamontagnechocolate.com\/fr\/#\/schema\/logo\/image\/\"}}]}<\/script>\n<!-- \/ Yoast SEO plugin. -->","yoast_head_json":{"title":"Politique de confidentialit\u00e9 - Lamontagne Chocolate","robots":{"index":"index","follow":"follow","max-snippet":"max-snippet:-1","max-image-preview":"max-image-preview:large","max-video-preview":"max-video-preview:-1"},"canonical":"https:\/\/lamontagnechocolate.com\/fr\/politique-de-confidentialite\/","og_locale":"fr_CA","og_type":"article","og_title":"Politique de confidentialit\u00e9 - Lamontagne Chocolate","og_description":"Application de la Politique de confidentialit\u00e9 La Politique d\u00e9finit la mani\u00e8re dont recueille, utilise et prot\u00e8ge les renseignements fournis volontairement par les utilisateurs de son site et ceux transmis automatiquement par leur serveur Internet. La pr\u00e9sente Politique s\u2019applique \u00e0 l\u2019ensemble du site ainsi qu\u2019aux produits et services offerts par . La Politique explique \u00e9galement comment...","og_url":"https:\/\/lamontagnechocolate.com\/fr\/politique-de-confidentialite\/","og_site_name":"Lamontagne Chocolate","article_modified_time":"2025-09-19T13:53:55+00:00","twitter_card":"summary_large_image","twitter_misc":{"Estimation du temps de lecture":"8 minutes"},"schema":{"@context":"https:\/\/schema.org","@graph":[{"@type":"WebPage","@id":"https:\/\/lamontagnechocolate.com\/fr\/politique-de-confidentialite\/","url":"https:\/\/lamontagnechocolate.com\/fr\/politique-de-confidentialite\/","name":"Politique de confidentialit\u00e9 - Lamontagne Chocolate","isPartOf":{"@id":"https:\/\/lamontagnechocolate.com\/fr\/#website"},"datePublished":"2021-04-07T21:20:35+00:00","dateModified":"2025-09-19T13:53:55+00:00","breadcrumb":{"@id":"https:\/\/lamontagnechocolate.com\/fr\/politique-de-confidentialite\/#breadcrumb"},"inLanguage":"fr-CA","potentialAction":[{"@type":"ReadAction","target":["https:\/\/lamontagnechocolate.com\/fr\/politique-de-confidentialite\/"]}]},{"@type":"BreadcrumbList","@id":"https:\/\/lamontagnechocolate.com\/fr\/politique-de-confidentialite\/#breadcrumb","itemListElement":[{"@type":"ListItem","position":1,"name":"Home","item":"https:\/\/lamontagnechocolate.com\/fr\/"},{"@type":"ListItem","position":2,"name":"Politique de confidentialit\u00e9"}]},{"@type":"WebSite","@id":"https:\/\/lamontagnechocolate.com\/fr\/#website","url":"https:\/\/lamontagnechocolate.com\/fr\/","name":"Lamontagne Chocolate","description":"","publisher":{"@id":"https:\/\/lamontagnechocolate.com\/fr\/#organization"},"potentialAction":[{"@type":"SearchAction","target":{"@type":"EntryPoint","urlTemplate":"https:\/\/lamontagnechocolate.com\/fr\/?s={search_term_string}"},"query-input":{"@type":"PropertyValueSpecification","valueRequired":true,"valueName":"search_term_string"}}],"inLanguage":"fr-CA"},{"@type":"Organization","@id":"https:\/\/lamontagnechocolate.com\/fr\/#organization","name":"Lamontagne Chocolate","url":"https:\/\/lamontagnechocolate.com\/fr\/","logo":{"@type":"ImageObject","inLanguage":"fr-CA","@id":"https:\/\/lamontagnechocolate.com\/fr\/#\/schema\/logo\/image\/","url":"https:\/\/lamontagnechocolate.com\/wp-content\/uploads\/2023\/07\/logo-lamontagne.svg","contentUrl":"https:\/\/lamontagnechocolate.com\/wp-content\/uploads\/2023\/07\/logo-lamontagne.svg","caption":"Lamontagne Chocolate"},"image":{"@id":"https:\/\/lamontagnechocolate.com\/fr\/#\/schema\/logo\/image\/"}}]}},"taxonomy_info":[],"featured_image_src_large":false,"author_info":{"display_name":"Agence Arobas","author_link":"https:\/\/lamontagnechocolate.com\/fr\/author\/arobasmaintenance\/"},"comment_info":0,"jetpack_sharing_enabled":true,"_links":{"self":[{"href":"https:\/\/lamontagnechocolate.com\/fr\/wp-json\/wp\/v2\/pages\/1776","targetHints":{"allow":["GET"]}}],"collection":[{"href":"https:\/\/lamontagnechocolate.com\/fr\/wp-json\/wp\/v2\/pages"}],"about":[{"href":"https:\/\/lamontagnechocolate.com\/fr\/wp-json\/wp\/v2\/types\/page"}],"author":[{"embeddable":true,"href":"https:\/\/lamontagnechocolate.com\/fr\/wp-json\/wp\/v2\/users\/33"}],"replies":[{"embeddable":true,"href":"https:\/\/lamontagnechocolate.com\/fr\/wp-json\/wp\/v2\/comments?post=1776"}],"version-history":[{"count":2,"href":"https:\/\/lamontagnechocolate.com\/fr\/wp-json\/wp\/v2\/pages\/1776\/revisions"}],"predecessor-version":[{"id":2385,"href":"https:\/\/lamontagnechocolate.com\/fr\/wp-json\/wp\/v2\/pages\/1776\/revisions\/2385"}],"wp:attachment":[{"href":"https:\/\/lamontagnechocolate.com\/fr\/wp-json\/wp\/v2\/media?parent=1776"}],"curies":[{"name":"wp","href":"https:\/\/api.w.org\/{rel}","templated":true}]}}